{"id":1795,"date":"2025-10-04T12:27:14","date_gmt":"2025-10-04T10:27:14","guid":{"rendered":"https:\/\/utekuehn.de\/?page_id=1795"},"modified":"2025-10-04T12:31:12","modified_gmt":"2025-10-04T10:31:12","slug":"unikate","status":"publish","type":"page","link":"https:\/\/utekuehn.de\/index.php\/unikate\/","title":{"rendered":"Unikate"},"content":{"rendered":"\n<figure class=\"wp-block-image size-full\"><img loading=\"lazy\" decoding=\"async\" width=\"900\" height=\"906\" src=\"https:\/\/utekuehn.de\/wp-content\/uploads\/2025\/10\/Aufgegabelt_I.jpg\" alt=\"\" class=\"wp-image-1796\" srcset=\"https:\/\/utekuehn.de\/wp-content\/uploads\/2025\/10\/Aufgegabelt_I.jpg 900w, https:\/\/utekuehn.de\/wp-content\/uploads\/2025\/10\/Aufgegabelt_I-298x300.jpg 298w, https:\/\/utekuehn.de\/wp-content\/uploads\/2025\/10\/Aufgegabelt_I-150x150.jpg 150w, https:\/\/utekuehn.de\/wp-content\/uploads\/2025\/10\/Aufgegabelt_I-768x773.jpg 768w, https:\/\/utekuehn.de\/wp-content\/uploads\/2025\/10\/Aufgegabelt_I-100x100.jpg 100w\" sizes=\"auto, (max-width: 767px) 89vw, (max-width: 1000px) 54vw, (max-width: 1071px) 543px, 580px\" \/><\/figure>\n\n\n\n<p>&#8222;Unikate&#8220; 2024, Kiefernnadeln, Nylonf\u00e4den, 49 x 49 cm<\/p>\n\n\n\n<p><br>Installation mit Kiefernnadeln, bei der jede f\u00fcr sich einzigartig ist.<br>Lose aufgeh\u00e4ngte Nadeln auf d\u00fcnnen Nylonf\u00e4den im Rahmen oder direkt auf der Wand<br>Die filigrane Komposition reagiert bei jedem Luft- oder Atemzug.<\/p>\n","protected":false},"excerpt":{"rendered":"<p>&#8222;Unikate&#8220; 2024, Kiefernnadeln, Nylonf\u00e4den, 49 x 49 cm Installation mit Kiefernnadeln, bei der jede f\u00fcr sich einzigartig ist.Lose aufgeh\u00e4ngte Nadeln auf d\u00fcnnen Nylonf\u00e4den im Rahmen oder direkt auf der WandDie filigrane Komposition reagiert bei jedem Luft- oder Atemzug.<\/p>\n","protected":false},"author":1,"featured_media":0,"parent":0,"menu_order":0,"comment_status":"closed","ping_status":"closed","template":"","meta":{"ngg_post_thumbnail":0,"footnotes":""},"class_list":["post-1795","page","type-page","status-publish","hentry"],"yoast_head":"<!-- This site is optimized with the Yoast SEO plugin v16.2 - https:\/\/yoast.com\/wordpress\/plugins\/seo\/ -->\n<title>Unikate - Ute K\u00fchn<\/title>\n<meta name=\"robots\" content=\"index, follow, max-snippet:-1, max-image-preview:large, max-video-preview:-1\" \/>\n<link rel=\"canonical\" href=\"https:\/\/utekuehn.de\/index.php\/unikate\/\" \/>\n<meta property=\"og:locale\" content=\"de_DE\" \/>\n<meta property=\"og:type\" content=\"article\" \/>\n<meta property=\"og:title\" content=\"Unikate - Ute K\u00fchn\" \/>\n<meta property=\"og:description\" content=\"&#8222;Unikate&#8220; 2024, Kiefernnadeln, Nylonf\u00e4den, 49 x 49 cm Installation mit Kiefernnadeln, bei der jede f\u00fcr sich einzigartig ist.Lose aufgeh\u00e4ngte Nadeln auf d\u00fcnnen Nylonf\u00e4den im Rahmen oder direkt auf der WandDie filigrane Komposition reagiert bei jedem Luft- oder Atemzug.\" \/>\n<meta property=\"og:url\" content=\"https:\/\/utekuehn.de\/index.php\/unikate\/\" \/>\n<meta property=\"og:site_name\" content=\"Ute K\u00fchn\" \/>\n<meta property=\"article:modified_time\" content=\"2025-10-04T10:31:12+00:00\" \/>\n<meta property=\"og:image\" content=\"https:\/\/utekuehn.de\/wp-content\/uploads\/2025\/10\/Aufgegabelt_I.jpg\" \/>\n<meta name=\"twitter:card\" content=\"summary_large_image\" \/>\n<script type=\"application\/ld+json\" class=\"yoast-schema-graph\">{\"@context\":\"https:\/\/schema.org\",\"@graph\":[{\"@type\":[\"Person\",\"Organization\"],\"@id\":\"https:\/\/utekuehn.de\/#\/schema\/person\/bd4376e5fd83d9a01a962fec9438cd6c\",\"name\":\"Ute K\\u00fchn\",\"image\":{\"@type\":\"ImageObject\",\"@id\":\"https:\/\/utekuehn.de\/#personlogo\",\"inLanguage\":\"de\",\"url\":\"https:\/\/secure.gravatar.com\/avatar\/8cad2a508162da144aaf9ed8124f79b4f59f3a5c6cd0eb8ca6afa48553029e79?s=96&d=mm&r=g\",\"contentUrl\":\"https:\/\/secure.gravatar.com\/avatar\/8cad2a508162da144aaf9ed8124f79b4f59f3a5c6cd0eb8ca6afa48553029e79?s=96&d=mm&r=g\",\"caption\":\"Ute K\\u00fchn\"},\"logo\":{\"@id\":\"https:\/\/utekuehn.de\/#personlogo\"},\"description\":\"artist\",\"sameAs\":[\"http:\/\/utekuehn.de\"]},{\"@type\":\"WebSite\",\"@id\":\"https:\/\/utekuehn.de\/#website\",\"url\":\"https:\/\/utekuehn.de\/\",\"name\":\"Ute K\\u00fchn\",\"description\":\"Fotografie und Installation\",\"publisher\":{\"@id\":\"https:\/\/utekuehn.de\/#\/schema\/person\/bd4376e5fd83d9a01a962fec9438cd6c\"},\"potentialAction\":[{\"@type\":\"SearchAction\",\"target\":\"https:\/\/utekuehn.de\/?s={search_term_string}\",\"query-input\":\"required name=search_term_string\"}],\"inLanguage\":\"de\"},{\"@type\":\"ImageObject\",\"@id\":\"https:\/\/utekuehn.de\/index.php\/unikate\/#primaryimage\",\"inLanguage\":\"de\",\"url\":\"https:\/\/utekuehn.de\/wp-content\/uploads\/2025\/10\/Aufgegabelt_I.jpg\",\"contentUrl\":\"https:\/\/utekuehn.de\/wp-content\/uploads\/2025\/10\/Aufgegabelt_I.jpg\",\"width\":900,\"height\":906},{\"@type\":\"WebPage\",\"@id\":\"https:\/\/utekuehn.de\/index.php\/unikate\/#webpage\",\"url\":\"https:\/\/utekuehn.de\/index.php\/unikate\/\",\"name\":\"Unikate - Ute K\\u00fchn\",\"isPartOf\":{\"@id\":\"https:\/\/utekuehn.de\/#website\"},\"primaryImageOfPage\":{\"@id\":\"https:\/\/utekuehn.de\/index.php\/unikate\/#primaryimage\"},\"datePublished\":\"2025-10-04T10:27:14+00:00\",\"dateModified\":\"2025-10-04T10:31:12+00:00\",\"breadcrumb\":{\"@id\":\"https:\/\/utekuehn.de\/index.php\/unikate\/#breadcrumb\"},\"inLanguage\":\"de\",\"potentialAction\":[{\"@type\":\"ReadAction\",\"target\":[\"https:\/\/utekuehn.de\/index.php\/unikate\/\"]}]},{\"@type\":\"BreadcrumbList\",\"@id\":\"https:\/\/utekuehn.de\/index.php\/unikate\/#breadcrumb\",\"itemListElement\":[{\"@type\":\"ListItem\",\"position\":1,\"item\":{\"@type\":\"WebPage\",\"@id\":\"https:\/\/utekuehn.de\/\",\"url\":\"https:\/\/utekuehn.de\/\",\"name\":\"Startseite\"}},{\"@type\":\"ListItem\",\"position\":2,\"item\":{\"@id\":\"https:\/\/utekuehn.de\/index.php\/unikate\/#webpage\"}}]}]}<\/script>\n<!-- \/ Yoast SEO plugin. -->","_links":{"self":[{"href":"https:\/\/utekuehn.de\/index.php\/wp-json\/wp\/v2\/pages\/1795","targetHints":{"allow":["GET"]}}],"collection":[{"href":"https:\/\/utekuehn.de\/index.php\/wp-json\/wp\/v2\/pages"}],"about":[{"href":"https:\/\/utekuehn.de\/index.php\/wp-json\/wp\/v2\/types\/page"}],"author":[{"embeddable":true,"href":"https:\/\/utekuehn.de\/index.php\/wp-json\/wp\/v2\/users\/1"}],"replies":[{"embeddable":true,"href":"https:\/\/utekuehn.de\/index.php\/wp-json\/wp\/v2\/comments?post=1795"}],"version-history":[{"count":2,"href":"https:\/\/utekuehn.de\/index.php\/wp-json\/wp\/v2\/pages\/1795\/revisions"}],"predecessor-version":[{"id":1800,"href":"https:\/\/utekuehn.de\/index.php\/wp-json\/wp\/v2\/pages\/1795\/revisions\/1800"}],"wp:attachment":[{"href":"https:\/\/utekuehn.de\/index.php\/wp-json\/wp\/v2\/media?parent=1795"}],"curies":[{"name":"wp","href":"https:\/\/api.w.org\/{rel}","templated":true}]}}