{"id":194,"date":"2021-03-16T16:29:58","date_gmt":"2021-03-16T15:29:58","guid":{"rendered":"https:\/\/utekuehn.de\/?page_id=194"},"modified":"2025-10-04T11:21:28","modified_gmt":"2025-10-04T09:21:28","slug":"datenschutz","status":"publish","type":"page","link":"https:\/\/utekuehn.de\/index.php\/datenschutz\/","title":{"rendered":"Impressum"},"content":{"rendered":"\n<p>Ute K\u00fchn<br>Max-Brauer-Allee 36<br>22765 Hamburg<\/p>\n\n\n\n<p>Tel. 040\/3800706<br>ute_kuehn(at)hotmail.com<\/p>\n\n\n\n<div style=\"height:45px\" aria-hidden=\"true\" class=\"wp-block-spacer\"><\/div>\n\n\n\n<p>Alle Bilder und Texte sind urheberrechtlich gesch\u00fctzt.<\/p>\n\n\n\n<p>\u00a9 Fotografie und Text: Ute K\u00fchn, Hamburg<br>VG Bild-Kunst, Bonn<\/p>\n\n\n\n<div style=\"height:63px\" aria-hidden=\"true\" class=\"wp-block-spacer\"><\/div>\n\n\n\n<p><\/p>\n\n\n\n<p><\/p>\n\n\n\n<p style=\"font-size:10px\">Die Homepage wurde gef\u00f6rdert von<\/p>\n\n\n\n<figure class=\"wp-block-image\"><img loading=\"lazy\" decoding=\"async\" width=\"340\" height=\"76\" src=\"https:\/\/utekuehn.de\/wp-content\/uploads\/2021\/07\/logo_BBK_BKM_Neustart-1.png\" alt=\"\" class=\"wp-image-734\" srcset=\"https:\/\/utekuehn.de\/wp-content\/uploads\/2021\/07\/logo_BBK_BKM_Neustart-1.png 340w, https:\/\/utekuehn.de\/wp-content\/uploads\/2021\/07\/logo_BBK_BKM_Neustart-1-300x67.png 300w\" sizes=\"auto, (max-width: 340px) 100vw, 340px\" \/><\/figure>\n\n\n\n<p style=\"font-size:10px\">Bundesverband Bildender K\u00fcnstlerinnen, Neustart Kultur<br>Der Beauftragten der Bundesregierung f\u00fcr Kultur und Medien<\/p>\n\n\n\n<p><\/p>\n\n\n\n<p><\/p>\n","protected":false},"excerpt":{"rendered":"<p>Ute K\u00fchnMax-Brauer-Allee 3622765 Hamburg Tel. 040\/3800706ute_kuehn(at)hotmail.com Alle Bilder und Texte sind urheberrechtlich gesch\u00fctzt. \u00a9 Fotografie und Text: Ute K\u00fchn, HamburgVG Bild-Kunst, Bonn Die Homepage wurde gef\u00f6rdert von Bundesverband Bildender K\u00fcnstlerinnen, Neustart KulturDer Beauftragten der Bundesregierung f\u00fcr Kultur und Medien<\/p>\n","protected":false},"author":1,"featured_media":0,"parent":0,"menu_order":0,"comment_status":"closed","ping_status":"closed","template":"","meta":{"ngg_post_thumbnail":0,"footnotes":""},"class_list":["post-194","page","type-page","status-publish","hentry"],"yoast_head":"<!-- This site is optimized with the Yoast SEO plugin v16.2 - https:\/\/yoast.com\/wordpress\/plugins\/seo\/ -->\n<title>Impressum - Ute K\u00fchn<\/title>\n<meta name=\"robots\" content=\"index, follow, max-snippet:-1, max-image-preview:large, max-video-preview:-1\" \/>\n<link rel=\"canonical\" href=\"https:\/\/utekuehn.de\/index.php\/datenschutz\/\" \/>\n<meta property=\"og:locale\" content=\"de_DE\" \/>\n<meta property=\"og:type\" content=\"article\" \/>\n<meta property=\"og:title\" content=\"Impressum - Ute K\u00fchn\" \/>\n<meta property=\"og:description\" content=\"Ute K\u00fchnMax-Brauer-Allee 3622765 Hamburg Tel. 040\/3800706ute_kuehn(at)hotmail.com Alle Bilder und Texte sind urheberrechtlich gesch\u00fctzt. \u00a9 Fotografie und Text: Ute K\u00fchn, HamburgVG Bild-Kunst, Bonn Die Homepage wurde gef\u00f6rdert von Bundesverband Bildender K\u00fcnstlerinnen, Neustart KulturDer Beauftragten der Bundesregierung f\u00fcr Kultur und Medien\" \/>\n<meta property=\"og:url\" content=\"https:\/\/utekuehn.de\/index.php\/datenschutz\/\" \/>\n<meta property=\"og:site_name\" content=\"Ute K\u00fchn\" \/>\n<meta property=\"article:modified_time\" content=\"2025-10-04T09:21:28+00:00\" \/>\n<meta property=\"og:image\" content=\"https:\/\/utekuehn.de\/wp-content\/uploads\/2021\/07\/logo_BBK_BKM_Neustart-1.png\" \/>\n<meta name=\"twitter:card\" content=\"summary_large_image\" \/>\n<meta name=\"twitter:label1\" content=\"Gesch\u00e4tzte Lesezeit\">\n\t<meta name=\"twitter:data1\" content=\"1\u00a0Minute\">\n<script type=\"application\/ld+json\" class=\"yoast-schema-graph\">{\"@context\":\"https:\/\/schema.org\",\"@graph\":[{\"@type\":[\"Person\",\"Organization\"],\"@id\":\"https:\/\/utekuehn.de\/#\/schema\/person\/bd4376e5fd83d9a01a962fec9438cd6c\",\"name\":\"Ute K\\u00fchn\",\"image\":{\"@type\":\"ImageObject\",\"@id\":\"https:\/\/utekuehn.de\/#personlogo\",\"inLanguage\":\"de\",\"url\":\"https:\/\/secure.gravatar.com\/avatar\/8cad2a508162da144aaf9ed8124f79b4f59f3a5c6cd0eb8ca6afa48553029e79?s=96&d=mm&r=g\",\"contentUrl\":\"https:\/\/secure.gravatar.com\/avatar\/8cad2a508162da144aaf9ed8124f79b4f59f3a5c6cd0eb8ca6afa48553029e79?s=96&d=mm&r=g\",\"caption\":\"Ute K\\u00fchn\"},\"logo\":{\"@id\":\"https:\/\/utekuehn.de\/#personlogo\"},\"description\":\"artist\",\"sameAs\":[\"http:\/\/utekuehn.de\"]},{\"@type\":\"WebSite\",\"@id\":\"https:\/\/utekuehn.de\/#website\",\"url\":\"https:\/\/utekuehn.de\/\",\"name\":\"Ute K\\u00fchn\",\"description\":\"Fotografie und Installation\",\"publisher\":{\"@id\":\"https:\/\/utekuehn.de\/#\/schema\/person\/bd4376e5fd83d9a01a962fec9438cd6c\"},\"potentialAction\":[{\"@type\":\"SearchAction\",\"target\":\"https:\/\/utekuehn.de\/?s={search_term_string}\",\"query-input\":\"required name=search_term_string\"}],\"inLanguage\":\"de\"},{\"@type\":\"ImageObject\",\"@id\":\"https:\/\/utekuehn.de\/index.php\/datenschutz\/#primaryimage\",\"inLanguage\":\"de\",\"url\":\"https:\/\/utekuehn.de\/wp-content\/uploads\/2021\/07\/logo_BBK_BKM_Neustart-1.png\",\"contentUrl\":\"https:\/\/utekuehn.de\/wp-content\/uploads\/2021\/07\/logo_BBK_BKM_Neustart-1.png\",\"width\":340,\"height\":76},{\"@type\":\"WebPage\",\"@id\":\"https:\/\/utekuehn.de\/index.php\/datenschutz\/#webpage\",\"url\":\"https:\/\/utekuehn.de\/index.php\/datenschutz\/\",\"name\":\"Impressum - Ute K\\u00fchn\",\"isPartOf\":{\"@id\":\"https:\/\/utekuehn.de\/#website\"},\"primaryImageOfPage\":{\"@id\":\"https:\/\/utekuehn.de\/index.php\/datenschutz\/#primaryimage\"},\"datePublished\":\"2021-03-16T15:29:58+00:00\",\"dateModified\":\"2025-10-04T09:21:28+00:00\",\"breadcrumb\":{\"@id\":\"https:\/\/utekuehn.de\/index.php\/datenschutz\/#breadcrumb\"},\"inLanguage\":\"de\",\"potentialAction\":[{\"@type\":\"ReadAction\",\"target\":[\"https:\/\/utekuehn.de\/index.php\/datenschutz\/\"]}]},{\"@type\":\"BreadcrumbList\",\"@id\":\"https:\/\/utekuehn.de\/index.php\/datenschutz\/#breadcrumb\",\"itemListElement\":[{\"@type\":\"ListItem\",\"position\":1,\"item\":{\"@type\":\"WebPage\",\"@id\":\"https:\/\/utekuehn.de\/\",\"url\":\"https:\/\/utekuehn.de\/\",\"name\":\"Startseite\"}},{\"@type\":\"ListItem\",\"position\":2,\"item\":{\"@id\":\"https:\/\/utekuehn.de\/index.php\/datenschutz\/#webpage\"}}]}]}<\/script>\n<!-- \/ Yoast SEO plugin. -->","_links":{"self":[{"href":"https:\/\/utekuehn.de\/index.php\/wp-json\/wp\/v2\/pages\/194","targetHints":{"allow":["GET"]}}],"collection":[{"href":"https:\/\/utekuehn.de\/index.php\/wp-json\/wp\/v2\/pages"}],"about":[{"href":"https:\/\/utekuehn.de\/index.php\/wp-json\/wp\/v2\/types\/page"}],"author":[{"embeddable":true,"href":"https:\/\/utekuehn.de\/index.php\/wp-json\/wp\/v2\/users\/1"}],"replies":[{"embeddable":true,"href":"https:\/\/utekuehn.de\/index.php\/wp-json\/wp\/v2\/comments?post=194"}],"version-history":[{"count":14,"href":"https:\/\/utekuehn.de\/index.php\/wp-json\/wp\/v2\/pages\/194\/revisions"}],"predecessor-version":[{"id":1788,"href":"https:\/\/utekuehn.de\/index.php\/wp-json\/wp\/v2\/pages\/194\/revisions\/1788"}],"wp:attachment":[{"href":"https:\/\/utekuehn.de\/index.php\/wp-json\/wp\/v2\/media?parent=194"}],"curies":[{"name":"wp","href":"https:\/\/api.w.org\/{rel}","templated":true}]}}