{"id":284,"date":"2021-03-17T16:17:55","date_gmt":"2021-03-17T15:17:55","guid":{"rendered":"https:\/\/utekuehn.de\/?page_id=284"},"modified":"2021-04-07T11:02:02","modified_gmt":"2021-04-07T09:02:02","slug":"mehrfachbelichtungen","status":"publish","type":"page","link":"https:\/\/utekuehn.de\/index.php\/mehrfachbelichtungen\/","title":{"rendered":"Transfloral"},"content":{"rendered":"\n<p><\/p>\n\n\n\n<!-- default-view.php -->\n<div\n\tclass=\"ngg-galleryoverview default-view \"\n\tid=\"ngg-gallery-3dd4372bcf74cb3e315bcd6cd758bc40-1\">\n\n\t\t<!-- Thumbnails -->\n\t\t\t\t<div id=\"ngg-image-0\" class=\"ngg-gallery-thumbnail-box \" >\n\t\t\t\t        <div class=\"ngg-gallery-thumbnail\">\n            <a href=\"https:\/\/utekuehn.de\/wp-content\/gallery\/mehrfachbelichtungen\/3-analog-mehrfachbelichtung-diapositiv-hamburg-altona-pflanzen-blumen.jpg\"\n               title=\"\"\n               data-src=\"https:\/\/utekuehn.de\/wp-content\/gallery\/mehrfachbelichtungen\/3-analog-mehrfachbelichtung-diapositiv-hamburg-altona-pflanzen-blumen.jpg\"\n               data-thumbnail=\"https:\/\/utekuehn.de\/wp-content\/gallery\/mehrfachbelichtungen\/thumbs\/thumbs_3-analog-mehrfachbelichtung-diapositiv-hamburg-altona-pflanzen-blumen.jpg\"\n               data-image-id=\"60\"\n               data-title=\"3-analog-mehrfachbelichtung-diapositiv-hamburg-altona-pflanzen-blumen\"\n               data-description=\"\"\n               data-image-slug=\"3-analog-mehrfachbelichtung-diapositiv-hamburg-altona-pflanzen-blumen\"\n               class=\"ngg-simplelightbox\" rel=\"3dd4372bcf74cb3e315bcd6cd758bc40\">\n                <img\n                    title=\"3-analog-mehrfachbelichtung-diapositiv-hamburg-altona-pflanzen-blumen\"\n                    alt=\"3-analog-mehrfachbelichtung-diapositiv-hamburg-altona-pflanzen-blumen\"\n                    src=\"https:\/\/utekuehn.de\/wp-content\/gallery\/mehrfachbelichtungen\/thumbs\/thumbs_3-analog-mehrfachbelichtung-diapositiv-hamburg-altona-pflanzen-blumen.jpg\"\n                    width=\"240\"\n                    height=\"160\"\n                    style=\"max-width:100%;\"\n                \/>\n            <\/a>\n        <\/div>\n\t\t\t\t\t\t\t<\/div> \n\t\t\t\n\t\t\t\t<div id=\"ngg-image-1\" class=\"ngg-gallery-thumbnail-box \" >\n\t\t\t\t        <div class=\"ngg-gallery-thumbnail\">\n            <a href=\"https:\/\/utekuehn.de\/wp-content\/gallery\/mehrfachbelichtungen\/1-analog-mehrfachbelichtung-diapositiv-hamburg-altona-pflanzen-blumen.jpg\"\n               title=\"\"\n               data-src=\"https:\/\/utekuehn.de\/wp-content\/gallery\/mehrfachbelichtungen\/1-analog-mehrfachbelichtung-diapositiv-hamburg-altona-pflanzen-blumen.jpg\"\n               data-thumbnail=\"https:\/\/utekuehn.de\/wp-content\/gallery\/mehrfachbelichtungen\/thumbs\/thumbs_1-analog-mehrfachbelichtung-diapositiv-hamburg-altona-pflanzen-blumen.jpg\"\n               data-image-id=\"61\"\n               data-title=\"1-analog-mehrfachbelichtung-diapositiv-hamburg-altona-pflanzen-blumen\"\n               data-description=\"\"\n               data-image-slug=\"1-analog-mehrfachbelichtung-diapositiv-hamburg-altona-pflanzen-blumen\"\n               class=\"ngg-simplelightbox\" rel=\"3dd4372bcf74cb3e315bcd6cd758bc40\">\n                <img\n                    title=\"1-analog-mehrfachbelichtung-diapositiv-hamburg-altona-pflanzen-blumen\"\n                    alt=\"1-analog-mehrfachbelichtung-diapositiv-hamburg-altona-pflanzen-blumen\"\n                    src=\"https:\/\/utekuehn.de\/wp-content\/gallery\/mehrfachbelichtungen\/thumbs\/thumbs_1-analog-mehrfachbelichtung-diapositiv-hamburg-altona-pflanzen-blumen.jpg\"\n                    width=\"240\"\n                    height=\"160\"\n                    style=\"max-width:100%;\"\n                \/>\n            <\/a>\n        <\/div>\n\t\t\t\t\t\t\t<\/div> \n\t\t\t\n\t\t\t\t<div id=\"ngg-image-2\" class=\"ngg-gallery-thumbnail-box \" >\n\t\t\t\t        <div class=\"ngg-gallery-thumbnail\">\n            <a href=\"https:\/\/utekuehn.de\/wp-content\/gallery\/mehrfachbelichtungen\/4-analog-mehrfachbelichtung-diapositiv-hamburg-altona-pflanzen-blumen.jpg\"\n               title=\"\"\n               data-src=\"https:\/\/utekuehn.de\/wp-content\/gallery\/mehrfachbelichtungen\/4-analog-mehrfachbelichtung-diapositiv-hamburg-altona-pflanzen-blumen.jpg\"\n               data-thumbnail=\"https:\/\/utekuehn.de\/wp-content\/gallery\/mehrfachbelichtungen\/thumbs\/thumbs_4-analog-mehrfachbelichtung-diapositiv-hamburg-altona-pflanzen-blumen.jpg\"\n               data-image-id=\"62\"\n               data-title=\"4-analog-mehrfachbelichtung-diapositiv-hamburg-altona-pflanzen-blumen\"\n               data-description=\"\"\n               data-image-slug=\"4-analog-mehrfachbelichtung-diapositiv-hamburg-altona-pflanzen-blumen\"\n               class=\"ngg-simplelightbox\" rel=\"3dd4372bcf74cb3e315bcd6cd758bc40\">\n                <img\n                    title=\"4-analog-mehrfachbelichtung-diapositiv-hamburg-altona-pflanzen-blumen\"\n                    alt=\"4-analog-mehrfachbelichtung-diapositiv-hamburg-altona-pflanzen-blumen\"\n                    src=\"https:\/\/utekuehn.de\/wp-content\/gallery\/mehrfachbelichtungen\/thumbs\/thumbs_4-analog-mehrfachbelichtung-diapositiv-hamburg-altona-pflanzen-blumen.jpg\"\n                    width=\"240\"\n                    height=\"160\"\n                    style=\"max-width:100%;\"\n                \/>\n            <\/a>\n        <\/div>\n\t\t\t\t\t\t\t<\/div> \n\t\t\t\n\t\t\t\t<div id=\"ngg-image-3\" class=\"ngg-gallery-thumbnail-box \" >\n\t\t\t\t        <div class=\"ngg-gallery-thumbnail\">\n            <a href=\"https:\/\/utekuehn.de\/wp-content\/gallery\/mehrfachbelichtungen\/2-analog-mehrfachbelichtung-diapositiv-hamburg-altona-pflanzen-blumen.jpg\"\n               title=\"\"\n               data-src=\"https:\/\/utekuehn.de\/wp-content\/gallery\/mehrfachbelichtungen\/2-analog-mehrfachbelichtung-diapositiv-hamburg-altona-pflanzen-blumen.jpg\"\n               data-thumbnail=\"https:\/\/utekuehn.de\/wp-content\/gallery\/mehrfachbelichtungen\/thumbs\/thumbs_2-analog-mehrfachbelichtung-diapositiv-hamburg-altona-pflanzen-blumen.jpg\"\n               data-image-id=\"63\"\n               data-title=\"2-analog-mehrfachbelichtung-diapositiv-hamburg-altona-pflanzen-blumen\"\n               data-description=\"\"\n               data-image-slug=\"2-analog-mehrfachbelichtung-diapositiv-hamburg-altona-pflanzen-blumen\"\n               class=\"ngg-simplelightbox\" rel=\"3dd4372bcf74cb3e315bcd6cd758bc40\">\n                <img\n                    title=\"2-analog-mehrfachbelichtung-diapositiv-hamburg-altona-pflanzen-blumen\"\n                    alt=\"2-analog-mehrfachbelichtung-diapositiv-hamburg-altona-pflanzen-blumen\"\n                    src=\"https:\/\/utekuehn.de\/wp-content\/gallery\/mehrfachbelichtungen\/thumbs\/thumbs_2-analog-mehrfachbelichtung-diapositiv-hamburg-altona-pflanzen-blumen.jpg\"\n                    width=\"240\"\n                    height=\"160\"\n                    style=\"max-width:100%;\"\n                \/>\n            <\/a>\n        <\/div>\n\t\t\t\t\t\t\t<\/div> \n\t\t\t\n\t\n\t<br style=\"clear: both\" \/>\n\n\t\n\t\t<!-- Pagination -->\n\t<div class='ngg-clear'><\/div>\t<\/div>\n\n\n\n\n<p class=\"has-text-align-center\" style=\"font-size:12px\"><em>&#8222;Transfloral&#8220;<\/em> 2012, Analoge Mehrfachbelichtung auf Diapositiv<\/p>\n\n\n\n<p><\/p>\n\n\n\n<p style=\"font-size:12px\">Jedes Motiv entsteht als Einzelfotografie.<br>Nach der Belichtung wird der Film vollst\u00e4ndig zur\u00fcckgespult, neu eingelegt und ein weiteres Mal belichtet.<br>Die Fotografien sind weder inszeniert, noch ist ein Motiv nachtr\u00e4glich am Computer manipuliert.<\/p>\n","protected":false},"excerpt":{"rendered":"<p>&#8222;Transfloral&#8220; 2012, Analoge Mehrfachbelichtung auf Diapositiv Jedes Motiv entsteht als Einzelfotografie.Nach der Belichtung wird der Film vollst\u00e4ndig zur\u00fcckgespult, neu eingelegt und ein weiteres Mal belichtet.Die Fotografien sind weder inszeniert, noch ist ein Motiv nachtr\u00e4glich am Computer manipuliert.<\/p>\n","protected":false},"author":1,"featured_media":0,"parent":0,"menu_order":0,"comment_status":"closed","ping_status":"closed","template":"","meta":{"ngg_post_thumbnail":0,"footnotes":""},"class_list":["post-284","page","type-page","status-publish","hentry"],"yoast_head":"<!-- This site is optimized with the Yoast SEO plugin v16.2 - https:\/\/yoast.com\/wordpress\/plugins\/seo\/ -->\n<title>Transfloral - Ute K\u00fchn<\/title>\n<meta name=\"robots\" content=\"index, follow, max-snippet:-1, max-image-preview:large, max-video-preview:-1\" \/>\n<link rel=\"canonical\" href=\"https:\/\/utekuehn.de\/index.php\/mehrfachbelichtungen\/\" \/>\n<meta property=\"og:locale\" content=\"de_DE\" \/>\n<meta property=\"og:type\" content=\"article\" \/>\n<meta property=\"og:title\" content=\"Transfloral - Ute K\u00fchn\" \/>\n<meta property=\"og:description\" content=\"&#8222;Transfloral&#8220; 2012, Analoge Mehrfachbelichtung auf Diapositiv Jedes Motiv entsteht als Einzelfotografie.Nach der Belichtung wird der Film vollst\u00e4ndig zur\u00fcckgespult, neu eingelegt und ein weiteres Mal belichtet.Die Fotografien sind weder inszeniert, noch ist ein Motiv nachtr\u00e4glich am Computer manipuliert.\" \/>\n<meta property=\"og:url\" content=\"https:\/\/utekuehn.de\/index.php\/mehrfachbelichtungen\/\" \/>\n<meta property=\"og:site_name\" content=\"Ute K\u00fchn\" \/>\n<meta property=\"article:modified_time\" content=\"2021-04-07T09:02:02+00:00\" \/>\n<meta name=\"twitter:card\" content=\"summary_large_image\" \/>\n<meta name=\"twitter:label1\" content=\"Gesch\u00e4tzte Lesezeit\">\n\t<meta name=\"twitter:data1\" content=\"1\u00a0Minute\">\n<script type=\"application\/ld+json\" class=\"yoast-schema-graph\">{\"@context\":\"https:\/\/schema.org\",\"@graph\":[{\"@type\":[\"Person\",\"Organization\"],\"@id\":\"https:\/\/utekuehn.de\/#\/schema\/person\/bd4376e5fd83d9a01a962fec9438cd6c\",\"name\":\"Ute K\\u00fchn\",\"image\":{\"@type\":\"ImageObject\",\"@id\":\"https:\/\/utekuehn.de\/#personlogo\",\"inLanguage\":\"de\",\"url\":\"https:\/\/secure.gravatar.com\/avatar\/8cad2a508162da144aaf9ed8124f79b4f59f3a5c6cd0eb8ca6afa48553029e79?s=96&d=mm&r=g\",\"contentUrl\":\"https:\/\/secure.gravatar.com\/avatar\/8cad2a508162da144aaf9ed8124f79b4f59f3a5c6cd0eb8ca6afa48553029e79?s=96&d=mm&r=g\",\"caption\":\"Ute K\\u00fchn\"},\"logo\":{\"@id\":\"https:\/\/utekuehn.de\/#personlogo\"},\"description\":\"artist\",\"sameAs\":[\"http:\/\/utekuehn.de\"]},{\"@type\":\"WebSite\",\"@id\":\"https:\/\/utekuehn.de\/#website\",\"url\":\"https:\/\/utekuehn.de\/\",\"name\":\"Ute K\\u00fchn\",\"description\":\"Fotografie und Installation\",\"publisher\":{\"@id\":\"https:\/\/utekuehn.de\/#\/schema\/person\/bd4376e5fd83d9a01a962fec9438cd6c\"},\"potentialAction\":[{\"@type\":\"SearchAction\",\"target\":\"https:\/\/utekuehn.de\/?s={search_term_string}\",\"query-input\":\"required name=search_term_string\"}],\"inLanguage\":\"de\"},{\"@type\":\"WebPage\",\"@id\":\"https:\/\/utekuehn.de\/index.php\/mehrfachbelichtungen\/#webpage\",\"url\":\"https:\/\/utekuehn.de\/index.php\/mehrfachbelichtungen\/\",\"name\":\"Transfloral - Ute K\\u00fchn\",\"isPartOf\":{\"@id\":\"https:\/\/utekuehn.de\/#website\"},\"datePublished\":\"2021-03-17T15:17:55+00:00\",\"dateModified\":\"2021-04-07T09:02:02+00:00\",\"breadcrumb\":{\"@id\":\"https:\/\/utekuehn.de\/index.php\/mehrfachbelichtungen\/#breadcrumb\"},\"inLanguage\":\"de\",\"potentialAction\":[{\"@type\":\"ReadAction\",\"target\":[\"https:\/\/utekuehn.de\/index.php\/mehrfachbelichtungen\/\"]}]},{\"@type\":\"BreadcrumbList\",\"@id\":\"https:\/\/utekuehn.de\/index.php\/mehrfachbelichtungen\/#breadcrumb\",\"itemListElement\":[{\"@type\":\"ListItem\",\"position\":1,\"item\":{\"@type\":\"WebPage\",\"@id\":\"https:\/\/utekuehn.de\/\",\"url\":\"https:\/\/utekuehn.de\/\",\"name\":\"Startseite\"}},{\"@type\":\"ListItem\",\"position\":2,\"item\":{\"@id\":\"https:\/\/utekuehn.de\/index.php\/mehrfachbelichtungen\/#webpage\"}}]}]}<\/script>\n<!-- \/ Yoast SEO plugin. -->","_links":{"self":[{"href":"https:\/\/utekuehn.de\/index.php\/wp-json\/wp\/v2\/pages\/284","targetHints":{"allow":["GET"]}}],"collection":[{"href":"https:\/\/utekuehn.de\/index.php\/wp-json\/wp\/v2\/pages"}],"about":[{"href":"https:\/\/utekuehn.de\/index.php\/wp-json\/wp\/v2\/types\/page"}],"author":[{"embeddable":true,"href":"https:\/\/utekuehn.de\/index.php\/wp-json\/wp\/v2\/users\/1"}],"replies":[{"embeddable":true,"href":"https:\/\/utekuehn.de\/index.php\/wp-json\/wp\/v2\/comments?post=284"}],"version-history":[{"count":8,"href":"https:\/\/utekuehn.de\/index.php\/wp-json\/wp\/v2\/pages\/284\/revisions"}],"predecessor-version":[{"id":594,"href":"https:\/\/utekuehn.de\/index.php\/wp-json\/wp\/v2\/pages\/284\/revisions\/594"}],"wp:attachment":[{"href":"https:\/\/utekuehn.de\/index.php\/wp-json\/wp\/v2\/media?parent=284"}],"curies":[{"name":"wp","href":"https:\/\/api.w.org\/{rel}","templated":true}]}}