{"id":372,"date":"2021-03-21T16:25:01","date_gmt":"2021-03-21T15:25:01","guid":{"rendered":"https:\/\/utekuehn.de\/?page_id=372"},"modified":"2021-04-07T11:02:44","modified_gmt":"2021-04-07T09:02:44","slug":"aufnehmen","status":"publish","type":"page","link":"https:\/\/utekuehn.de\/index.php\/aufnehmen\/","title":{"rendered":"Aufnehmen"},"content":{"rendered":"\n<figure class=\"wp-block-image size-large\"><img loading=\"lazy\" decoding=\"async\" width=\"900\" height=\"620\" src=\"https:\/\/utekuehn.de\/wp-content\/uploads\/2021\/04\/Installation_Aufnehmen-sw.jpg\" alt=\"\" class=\"wp-image-563\" srcset=\"https:\/\/utekuehn.de\/wp-content\/uploads\/2021\/04\/Installation_Aufnehmen-sw.jpg 900w, https:\/\/utekuehn.de\/wp-content\/uploads\/2021\/04\/Installation_Aufnehmen-sw-300x207.jpg 300w, https:\/\/utekuehn.de\/wp-content\/uploads\/2021\/04\/Installation_Aufnehmen-sw-768x529.jpg 768w\" sizes=\"auto, (max-width: 767px) 89vw, (max-width: 1000px) 54vw, (max-width: 1071px) 543px, 580px\" \/><\/figure>\n\n\n\n<h2 class=\"has-text-align-center has-black-color has-text-color wp-block-heading\" style=\"font-size:12px\">&#8222;<em>Aufnehmen&#8220;<\/em> 2003, Installation Magellan Terassen, Hafencity Hamburg, je ca. 3,50 x 4,00 m, Kunststoff Gasrohr<\/h2>\n\n\n\n<p><\/p>\n\n\n\n<p style=\"font-size:12px;line-height:2\">Das Gef\u00e4\u00df wurde in meiner k\u00fcnstlerischen Arbeit zu einer zeichenhaften, stilisierten Form und ein Zeichen f\u00fcr das Aufnehmen an sich.<br>Es steht f\u00fcr komplexe Zusammenh\u00e4nge, einer Momentaufnahme, in einem sich st\u00e4ndig ver\u00e4nderndem Ganzen.<br>Und &#8211; Es nimmt auf selbstverst\u00e4ndliche Weise alle Aspekte auf.<\/p>\n","protected":false},"excerpt":{"rendered":"<p>&#8222;Aufnehmen&#8220; 2003, Installation Magellan Terassen, Hafencity Hamburg, je ca. 3,50 x 4,00 m, Kunststoff Gasrohr Das Gef\u00e4\u00df wurde in meiner k\u00fcnstlerischen Arbeit zu einer zeichenhaften, stilisierten Form und ein Zeichen f\u00fcr das Aufnehmen an sich.Es steht f\u00fcr komplexe Zusammenh\u00e4nge, einer Momentaufnahme, in einem sich st\u00e4ndig ver\u00e4nderndem Ganzen.Und &#8211; Es nimmt auf selbstverst\u00e4ndliche Weise alle Aspekte &hellip; <\/p>\n<p class=\"link-more\"><a href=\"https:\/\/utekuehn.de\/index.php\/aufnehmen\/\" class=\"more-link\"><span class=\"screen-reader-text\">\u201eAufnehmen\u201c<\/span> weiterlesen<\/a><\/p>\n","protected":false},"author":1,"featured_media":0,"parent":0,"menu_order":0,"comment_status":"closed","ping_status":"closed","template":"","meta":{"ngg_post_thumbnail":0,"footnotes":""},"class_list":["post-372","page","type-page","status-publish","hentry"],"yoast_head":"<!-- This site is optimized with the Yoast SEO plugin v16.2 - https:\/\/yoast.com\/wordpress\/plugins\/seo\/ -->\n<title>Aufnehmen - Ute K\u00fchn<\/title>\n<meta name=\"robots\" content=\"index, follow, max-snippet:-1, max-image-preview:large, max-video-preview:-1\" \/>\n<link rel=\"canonical\" href=\"https:\/\/utekuehn.de\/index.php\/aufnehmen\/\" \/>\n<meta property=\"og:locale\" content=\"de_DE\" \/>\n<meta property=\"og:type\" content=\"article\" \/>\n<meta property=\"og:title\" content=\"Aufnehmen - Ute K\u00fchn\" \/>\n<meta property=\"og:description\" content=\"&#8222;Aufnehmen&#8220; 2003, Installation Magellan Terassen, Hafencity Hamburg, je ca. 3,50 x 4,00 m, Kunststoff Gasrohr Das Gef\u00e4\u00df wurde in meiner k\u00fcnstlerischen Arbeit zu einer zeichenhaften, stilisierten Form und ein Zeichen f\u00fcr das Aufnehmen an sich.Es steht f\u00fcr komplexe Zusammenh\u00e4nge, einer Momentaufnahme, in einem sich st\u00e4ndig ver\u00e4nderndem Ganzen.Und &#8211; Es nimmt auf selbstverst\u00e4ndliche Weise alle Aspekte &hellip; \u201eAufnehmen\u201c weiterlesen\" \/>\n<meta property=\"og:url\" content=\"https:\/\/utekuehn.de\/index.php\/aufnehmen\/\" \/>\n<meta property=\"og:site_name\" content=\"Ute K\u00fchn\" \/>\n<meta property=\"article:modified_time\" content=\"2021-04-07T09:02:44+00:00\" \/>\n<meta property=\"og:image\" content=\"https:\/\/utekuehn.de\/wp-content\/uploads\/2021\/04\/Installation_Aufnehmen-sw.jpg\" \/>\n<meta name=\"twitter:card\" content=\"summary_large_image\" \/>\n<meta name=\"twitter:label1\" content=\"Gesch\u00e4tzte Lesezeit\">\n\t<meta name=\"twitter:data1\" content=\"1\u00a0Minute\">\n<script type=\"application\/ld+json\" class=\"yoast-schema-graph\">{\"@context\":\"https:\/\/schema.org\",\"@graph\":[{\"@type\":[\"Person\",\"Organization\"],\"@id\":\"https:\/\/utekuehn.de\/#\/schema\/person\/bd4376e5fd83d9a01a962fec9438cd6c\",\"name\":\"Ute K\\u00fchn\",\"image\":{\"@type\":\"ImageObject\",\"@id\":\"https:\/\/utekuehn.de\/#personlogo\",\"inLanguage\":\"de\",\"url\":\"https:\/\/secure.gravatar.com\/avatar\/8cad2a508162da144aaf9ed8124f79b4f59f3a5c6cd0eb8ca6afa48553029e79?s=96&d=mm&r=g\",\"contentUrl\":\"https:\/\/secure.gravatar.com\/avatar\/8cad2a508162da144aaf9ed8124f79b4f59f3a5c6cd0eb8ca6afa48553029e79?s=96&d=mm&r=g\",\"caption\":\"Ute K\\u00fchn\"},\"logo\":{\"@id\":\"https:\/\/utekuehn.de\/#personlogo\"},\"description\":\"artist\",\"sameAs\":[\"http:\/\/utekuehn.de\"]},{\"@type\":\"WebSite\",\"@id\":\"https:\/\/utekuehn.de\/#website\",\"url\":\"https:\/\/utekuehn.de\/\",\"name\":\"Ute K\\u00fchn\",\"description\":\"Fotografie und Installation\",\"publisher\":{\"@id\":\"https:\/\/utekuehn.de\/#\/schema\/person\/bd4376e5fd83d9a01a962fec9438cd6c\"},\"potentialAction\":[{\"@type\":\"SearchAction\",\"target\":\"https:\/\/utekuehn.de\/?s={search_term_string}\",\"query-input\":\"required name=search_term_string\"}],\"inLanguage\":\"de\"},{\"@type\":\"ImageObject\",\"@id\":\"https:\/\/utekuehn.de\/index.php\/aufnehmen\/#primaryimage\",\"inLanguage\":\"de\",\"url\":\"https:\/\/utekuehn.de\/wp-content\/uploads\/2021\/04\/Installation_Aufnehmen-sw.jpg\",\"contentUrl\":\"https:\/\/utekuehn.de\/wp-content\/uploads\/2021\/04\/Installation_Aufnehmen-sw.jpg\",\"width\":900,\"height\":620},{\"@type\":\"WebPage\",\"@id\":\"https:\/\/utekuehn.de\/index.php\/aufnehmen\/#webpage\",\"url\":\"https:\/\/utekuehn.de\/index.php\/aufnehmen\/\",\"name\":\"Aufnehmen - Ute K\\u00fchn\",\"isPartOf\":{\"@id\":\"https:\/\/utekuehn.de\/#website\"},\"primaryImageOfPage\":{\"@id\":\"https:\/\/utekuehn.de\/index.php\/aufnehmen\/#primaryimage\"},\"datePublished\":\"2021-03-21T15:25:01+00:00\",\"dateModified\":\"2021-04-07T09:02:44+00:00\",\"breadcrumb\":{\"@id\":\"https:\/\/utekuehn.de\/index.php\/aufnehmen\/#breadcrumb\"},\"inLanguage\":\"de\",\"potentialAction\":[{\"@type\":\"ReadAction\",\"target\":[\"https:\/\/utekuehn.de\/index.php\/aufnehmen\/\"]}]},{\"@type\":\"BreadcrumbList\",\"@id\":\"https:\/\/utekuehn.de\/index.php\/aufnehmen\/#breadcrumb\",\"itemListElement\":[{\"@type\":\"ListItem\",\"position\":1,\"item\":{\"@type\":\"WebPage\",\"@id\":\"https:\/\/utekuehn.de\/\",\"url\":\"https:\/\/utekuehn.de\/\",\"name\":\"Startseite\"}},{\"@type\":\"ListItem\",\"position\":2,\"item\":{\"@id\":\"https:\/\/utekuehn.de\/index.php\/aufnehmen\/#webpage\"}}]}]}<\/script>\n<!-- \/ Yoast SEO plugin. -->","_links":{"self":[{"href":"https:\/\/utekuehn.de\/index.php\/wp-json\/wp\/v2\/pages\/372","targetHints":{"allow":["GET"]}}],"collection":[{"href":"https:\/\/utekuehn.de\/index.php\/wp-json\/wp\/v2\/pages"}],"about":[{"href":"https:\/\/utekuehn.de\/index.php\/wp-json\/wp\/v2\/types\/page"}],"author":[{"embeddable":true,"href":"https:\/\/utekuehn.de\/index.php\/wp-json\/wp\/v2\/users\/1"}],"replies":[{"embeddable":true,"href":"https:\/\/utekuehn.de\/index.php\/wp-json\/wp\/v2\/comments?post=372"}],"version-history":[{"count":7,"href":"https:\/\/utekuehn.de\/index.php\/wp-json\/wp\/v2\/pages\/372\/revisions"}],"predecessor-version":[{"id":595,"href":"https:\/\/utekuehn.de\/index.php\/wp-json\/wp\/v2\/pages\/372\/revisions\/595"}],"wp:attachment":[{"href":"https:\/\/utekuehn.de\/index.php\/wp-json\/wp\/v2\/media?parent=372"}],"curies":[{"name":"wp","href":"https:\/\/api.w.org\/{rel}","templated":true}]}}