{"id":433,"date":"2021-03-23T16:52:37","date_gmt":"2021-03-23T15:52:37","guid":{"rendered":"https:\/\/utekuehn.de\/?page_id=433"},"modified":"2025-10-04T11:16:11","modified_gmt":"2025-10-04T09:16:11","slug":"vita","status":"publish","type":"page","link":"https:\/\/utekuehn.de\/index.php\/vita\/","title":{"rendered":"Vita"},"content":{"rendered":"\n<p style=\"font-size:14px\"><strong>Ausbildung\/Lehrt\u00e4tigkeit<\/strong><\/p>\n\n\n\n<p style=\"font-size:12px\">1982-1985 Ausbildung zur M\u00f6beltischlerin<br>1990 Arbeitsstipendium bei GIPATO, Sokod\u00e9\/Togo<br>1991-1993 Ausbildung f\u00fcr Bildhauerei und Gestaltung, Werkkunstschule Flensburg<br>1997-1999 Studium f\u00fcr Freie Kunst, Hochschule f\u00fcr bildende K\u00fcnste, Hamburg<br>Seit 1999 Mitglied im Berufsverband bildender K\u00fcnstler*innen Hamburg<br>2002 Gastdozentin f\u00fcr K\u00fcnstler im Casa de la Cultura Granada \/ Nicaragua<br>2011-2012 Qualifizierung Kunstgeragogik, Bundesakademie f\u00fcr kulturelle Bildung Wolfenb\u00fcttel<br><\/p>\n\n\n\n<p style=\"font-size:14px;line-height:1.5\"><strong>Einzelausstellungen (Auswahl)<\/strong><\/p>\n\n\n\n<p style=\"font-size:12px\">2022 Orangerie, Kunstraum Altklosterberg, Buxtehude<br>2022 Einstellungsraum e.v., Hamburg<br>2018 Tiefensch\u00e4rfe, P&amp;W Heimfeld, Hamburg<br>2016 Lumina Transfloral, Galerie Intervision, Osnabr\u00fcck<br>2013 Galerie de la m\u00e9diath\u00e8que, Malestroit\/Bretagne, Frankreich<br>2011 Frischluft, Galerie Rimaju, Hamburg<br>2009 andere Orte, Hamburg Leuchtfeuer, Hamburg<br>2008 \u00dcbersetzten, Galerie Kunst Nah, Hamburg<br>2003 Aufnehmen, Marstall, Schloss Ahrensburg, Ahrensburg<br>2003 Kunstverein Kehdingen, Freiburg an der Elbe<br>2002 Fast nichts oder das Gelbe vom Ei, Kunsttreppe, Hamburg<br>1998 Zeitzonen, Kunstverein Kettenwerk e.V., Hamburg<br>1997 Kunstforum der GEDOK, Hamburg<br>1996 Fundushalle auf Kampnagel, Hamburg<\/p>\n\n\n\n<p style=\"font-size:14px;line-height:1.5\"><strong>Gruppenausstellungen (Auswahl)<\/strong><\/p>\n\n\n\n<p style=\"font-size:12px;line-height:1.5\">2025 Europ\u00e4isch-Asiatisches Kunstprojekt, Youngsanpo\/S\u00fcdkorea<br>2019 <em>Z-OH (+) 500<\/em>, zeiTTor Museum der Neustadt in Holstein<br>2017 <em>sch\u00f6n falsch leben<\/em>, Jahresausstellung des BBK Hamburg<br>2016 Terre de Femmes, Berlin<br>2015 <em>Hamburg 17:36<\/em>, Internationales Jahr des Lichts- Hamburg<br>2014 <em>analog+digital<\/em>, 4. Kulturlandschaft, Kulturhaus Mestlin<br>2013 <em>Hommage an Hawaianas<\/em>, Museo de Arte Moderna, Rio de Janeiro<br>2011 <em>Photo-Art-Books<\/em>, Galerie Intervision, Osnabr\u00fcck<br>2009\/10 Ostrale, Internationale Ausstellung f\u00fcr zeitgen\u00f6ssische Kunst, Dresden<br>2008 National Museum of Fine Arts, Bishkek, Kirgisistan<br>2005 <em>Ersatzwelten<\/em>, Jahresausstellung des BBK Hamburg, Kunsthaus Hamburg<br>2003 <em>Paarlauf<\/em>, Hamburg &#8211; N\u00fcrnberg Dialog, Kunsthaus N\u00fcrnberg<br>2002 <em>Ferne N\u00e4he<\/em> &#8211; Nahe Ferne, Jahresausstellung des BBK, Kunsthaus Hamburg<br>1999 <em>Emergency<\/em> &#8211; Dialoge zum Ausnahmezustand, Hafenkrankenhaus Hamburg<br>1993 Symposium f\u00fcr Bildhauerei, Piano di Mommio \/ Italien<\/p>\n\n\n\n<p style=\"font-size:12px;line-height:1.5\"><\/p>\n\n\n\n<p style=\"font-size:14px\"><strong>Arbeiten im \u00f6ffentlichen Raum<\/strong>, <strong>Projekte<\/strong> <strong>und Stipendien<\/strong><\/p>\n\n\n\n<p style=\"font-size:12px\">2021\/2022  Hamburger Zukunftsstipendium, Projektf\u00f6rderung f\u00fcr bildende Kunst Hamburg<br>2010               Gastraum Ottenser Marktplatz, Installation | Kunstprojekt, Hamburg<br>2006              \u201e\u2026dichter am Meer\u201c, Kunst im \u00f6ffentlichen Raum Hamburg<br>                          Gewinn der Ausschreibung Hamburg 10\u00b0 Kunst-Wege in die Hafencity<br>2002\/2005 Refreshing Room, Lichtbild | Musikinstallation, Handelskammer Hamburg<\/p>\n\n\n\n<p style=\"font-size:12px\"><\/p>\n\n\n\n<p><\/p>\n","protected":false},"excerpt":{"rendered":"<p>Ausbildung\/Lehrt\u00e4tigkeit 1982-1985 Ausbildung zur M\u00f6beltischlerin1990 Arbeitsstipendium bei GIPATO, Sokod\u00e9\/Togo1991-1993 Ausbildung f\u00fcr Bildhauerei und Gestaltung, Werkkunstschule Flensburg1997-1999 Studium f\u00fcr Freie Kunst, Hochschule f\u00fcr bildende K\u00fcnste, HamburgSeit 1999 Mitglied im Berufsverband bildender K\u00fcnstler*innen Hamburg2002 Gastdozentin f\u00fcr K\u00fcnstler im Casa de la Cultura Granada \/ Nicaragua2011-2012 Qualifizierung Kunstgeragogik, Bundesakademie f\u00fcr kulturelle Bildung Wolfenb\u00fcttel Einzelausstellungen (Auswahl) 2022 Orangerie, Kunstraum &hellip; <\/p>\n<p class=\"link-more\"><a href=\"https:\/\/utekuehn.de\/index.php\/vita\/\" class=\"more-link\"><span class=\"screen-reader-text\">\u201eVita\u201c<\/span> weiterlesen<\/a><\/p>\n","protected":false},"author":1,"featured_media":0,"parent":0,"menu_order":0,"comment_status":"closed","ping_status":"closed","template":"","meta":{"ngg_post_thumbnail":0,"footnotes":""},"class_list":["post-433","page","type-page","status-publish","hentry"],"yoast_head":"<!-- This site is optimized with the Yoast SEO plugin v16.2 - https:\/\/yoast.com\/wordpress\/plugins\/seo\/ -->\n<title>Vita - Ute K\u00fchn<\/title>\n<meta name=\"robots\" content=\"index, follow, max-snippet:-1, max-image-preview:large, max-video-preview:-1\" \/>\n<link rel=\"canonical\" href=\"https:\/\/utekuehn.de\/index.php\/vita\/\" \/>\n<meta property=\"og:locale\" content=\"de_DE\" \/>\n<meta property=\"og:type\" content=\"article\" \/>\n<meta property=\"og:title\" content=\"Vita - Ute K\u00fchn\" \/>\n<meta property=\"og:description\" content=\"Ausbildung\/Lehrt\u00e4tigkeit 1982-1985 Ausbildung zur M\u00f6beltischlerin1990 Arbeitsstipendium bei GIPATO, Sokod\u00e9\/Togo1991-1993 Ausbildung f\u00fcr Bildhauerei und Gestaltung, Werkkunstschule Flensburg1997-1999 Studium f\u00fcr Freie Kunst, Hochschule f\u00fcr bildende K\u00fcnste, HamburgSeit 1999 Mitglied im Berufsverband bildender K\u00fcnstler*innen Hamburg2002 Gastdozentin f\u00fcr K\u00fcnstler im Casa de la Cultura Granada \/ Nicaragua2011-2012 Qualifizierung Kunstgeragogik, Bundesakademie f\u00fcr kulturelle Bildung Wolfenb\u00fcttel Einzelausstellungen (Auswahl) 2022 Orangerie, Kunstraum &hellip; \u201eVita\u201c weiterlesen\" \/>\n<meta property=\"og:url\" content=\"https:\/\/utekuehn.de\/index.php\/vita\/\" \/>\n<meta property=\"og:site_name\" content=\"Ute K\u00fchn\" \/>\n<meta property=\"article:modified_time\" content=\"2025-10-04T09:16:11+00:00\" \/>\n<meta name=\"twitter:card\" content=\"summary_large_image\" \/>\n<meta name=\"twitter:label1\" content=\"Gesch\u00e4tzte Lesezeit\">\n\t<meta name=\"twitter:data1\" content=\"2\u00a0Minuten\">\n<script type=\"application\/ld+json\" class=\"yoast-schema-graph\">{\"@context\":\"https:\/\/schema.org\",\"@graph\":[{\"@type\":[\"Person\",\"Organization\"],\"@id\":\"https:\/\/utekuehn.de\/#\/schema\/person\/bd4376e5fd83d9a01a962fec9438cd6c\",\"name\":\"Ute K\\u00fchn\",\"image\":{\"@type\":\"ImageObject\",\"@id\":\"https:\/\/utekuehn.de\/#personlogo\",\"inLanguage\":\"de\",\"url\":\"https:\/\/secure.gravatar.com\/avatar\/8cad2a508162da144aaf9ed8124f79b4f59f3a5c6cd0eb8ca6afa48553029e79?s=96&d=mm&r=g\",\"contentUrl\":\"https:\/\/secure.gravatar.com\/avatar\/8cad2a508162da144aaf9ed8124f79b4f59f3a5c6cd0eb8ca6afa48553029e79?s=96&d=mm&r=g\",\"caption\":\"Ute K\\u00fchn\"},\"logo\":{\"@id\":\"https:\/\/utekuehn.de\/#personlogo\"},\"description\":\"artist\",\"sameAs\":[\"http:\/\/utekuehn.de\"]},{\"@type\":\"WebSite\",\"@id\":\"https:\/\/utekuehn.de\/#website\",\"url\":\"https:\/\/utekuehn.de\/\",\"name\":\"Ute K\\u00fchn\",\"description\":\"Fotografie und Installation\",\"publisher\":{\"@id\":\"https:\/\/utekuehn.de\/#\/schema\/person\/bd4376e5fd83d9a01a962fec9438cd6c\"},\"potentialAction\":[{\"@type\":\"SearchAction\",\"target\":\"https:\/\/utekuehn.de\/?s={search_term_string}\",\"query-input\":\"required name=search_term_string\"}],\"inLanguage\":\"de\"},{\"@type\":\"WebPage\",\"@id\":\"https:\/\/utekuehn.de\/index.php\/vita\/#webpage\",\"url\":\"https:\/\/utekuehn.de\/index.php\/vita\/\",\"name\":\"Vita - Ute K\\u00fchn\",\"isPartOf\":{\"@id\":\"https:\/\/utekuehn.de\/#website\"},\"datePublished\":\"2021-03-23T15:52:37+00:00\",\"dateModified\":\"2025-10-04T09:16:11+00:00\",\"breadcrumb\":{\"@id\":\"https:\/\/utekuehn.de\/index.php\/vita\/#breadcrumb\"},\"inLanguage\":\"de\",\"potentialAction\":[{\"@type\":\"ReadAction\",\"target\":[\"https:\/\/utekuehn.de\/index.php\/vita\/\"]}]},{\"@type\":\"BreadcrumbList\",\"@id\":\"https:\/\/utekuehn.de\/index.php\/vita\/#breadcrumb\",\"itemListElement\":[{\"@type\":\"ListItem\",\"position\":1,\"item\":{\"@type\":\"WebPage\",\"@id\":\"https:\/\/utekuehn.de\/\",\"url\":\"https:\/\/utekuehn.de\/\",\"name\":\"Startseite\"}},{\"@type\":\"ListItem\",\"position\":2,\"item\":{\"@id\":\"https:\/\/utekuehn.de\/index.php\/vita\/#webpage\"}}]}]}<\/script>\n<!-- \/ Yoast SEO plugin. -->","_links":{"self":[{"href":"https:\/\/utekuehn.de\/index.php\/wp-json\/wp\/v2\/pages\/433","targetHints":{"allow":["GET"]}}],"collection":[{"href":"https:\/\/utekuehn.de\/index.php\/wp-json\/wp\/v2\/pages"}],"about":[{"href":"https:\/\/utekuehn.de\/index.php\/wp-json\/wp\/v2\/types\/page"}],"author":[{"embeddable":true,"href":"https:\/\/utekuehn.de\/index.php\/wp-json\/wp\/v2\/users\/1"}],"replies":[{"embeddable":true,"href":"https:\/\/utekuehn.de\/index.php\/wp-json\/wp\/v2\/comments?post=433"}],"version-history":[{"count":40,"href":"https:\/\/utekuehn.de\/index.php\/wp-json\/wp\/v2\/pages\/433\/revisions"}],"predecessor-version":[{"id":1786,"href":"https:\/\/utekuehn.de\/index.php\/wp-json\/wp\/v2\/pages\/433\/revisions\/1786"}],"wp:attachment":[{"href":"https:\/\/utekuehn.de\/index.php\/wp-json\/wp\/v2\/media?parent=433"}],"curies":[{"name":"wp","href":"https:\/\/api.w.org\/{rel}","templated":true}]}}