{"id":6,"date":"2021-03-13T15:39:59","date_gmt":"2021-03-13T14:39:59","guid":{"rendered":"http:\/\/utekuehn.de\/?page_id=6"},"modified":"2021-05-06T12:24:41","modified_gmt":"2021-05-06T10:24:41","slug":"ueber-uns","status":"publish","type":"page","link":"https:\/\/utekuehn.de\/index.php\/ueber-uns\/","title":{"rendered":"\u00dcber meine Arbeit"},"content":{"rendered":"\n<p><\/p>\n\n\n\n<p style=\"font-size:12px\">Fast drei Jahrzehnte k\u00fcnstlerische Arbeit lassen sich nicht in wenige S\u00e4tze gie\u00dfen.<br>Es ist eine Reise in vielen Etappen und willkommenen Umwegen.<\/p>\n\n\n\n<p style=\"font-size:12px\">Nicht die Best\u00e4ndigkeit des Materials, sondern die Ver\u00e4nderung, die M\u00f6glichkeit der Aufl\u00f6sung und der \u00dcbergang, interessierten mich.<br>Aus Holz, Metall und Drahtgeflecht gen\u00e4hte Arbeiten wie &#8222;<em>Fossil&#8220;<\/em>, &#8222;<em>Behausungen&#8220;<\/em> und &#8222;<em>Fast Nichts&#8220;<\/em>.<br>Der Weg in die Malerei und Zeichnung ist f\u00fcr die Arbeiten flie\u00dfend.<\/p>\n\n\n\n<p style=\"font-size:12px\">In einem \u00e4hnlichen Kontext stehen die &#8222;<em>Feuerskulpturen<\/em>&#8220; und &#8222;<em>Feuerzeichnungen&#8220;<\/em>.<br>Der das Feuer \u00fcberdauernde Draht, skizziert die urspr\u00fcngliche Form aus Holz.<br>Die Faszination dieser Arbeiten liegt f\u00fcr mich in der St\u00e4rke der Abwesenheit, sowie in der Pr\u00e4senz etwas Neuen.<\/p>\n\n\n\n<p style=\"font-size:12px\">Die Anwesenheit eines Horizontes ohne vertikale Begrenzung hat meine Wahrnehmung korrigiert.<br>Der gespiegelte Himmel auf dem flachen Wasser einer Salzw\u00fcste in den Anden, wurde zu einem nahtlosen, unendlichen Gesamtbild.<br>Diese Eindr\u00fccke lassen sich nicht einfach \u201ekitschlos\u201c umsetzen, es braucht Abstand und eine geeignete Form der \u00dcbersetzung.<br>Entstanden sind unz\u00e4hlige Untersuchungen \u00fcber den Horizont, der Aufl\u00f6sung im Raum (Malerei &#8222;<em>andere Orte<\/em>&#8222;), sowie zu einem zentralen Thema das \u201eAufnehmen\u201c.<br>Die zeichenhaft stilisierte Gef\u00e4\u00dfform wurde zu einem Zeichen f\u00fcr das Aufnehmen an sich.<br>Sehen, Beobachten, Wahrnehmen.<\/p>\n\n\n\n<p style=\"font-size:12px\">K\u00fcnstlerisches Arbeiten ver\u00e4ndert sich, aus einer Arbeitsphase entstehen neue Dinge.<br>Die Zeit ver\u00e4ndert sich, andere Fragen stellen sich.<br>Menschen gehen verloren.<br>In der Welt passieren vorher undenkbare Dinge, vor diesem Hintergrund ist z.B. die Arbeit &#8222;<em>Just a game<\/em>&#8220; von 2017 entstanden.<\/p>\n\n\n\n<p style=\"font-size:12px\">Mein k\u00fcnstlerisches Schaffen vorwiegend ein Beobachten und Forschen.<br>Ein Eingehen auf das Gesehene und das was nicht, oder nicht mehr zu sehen, aber wahrzunehmen ist.<\/p>\n\n\n\n<p style=\"font-size:12px\">Die Fotografie kommt dem recht nahe, es beinhaltet eine weitere wichtige Disziplin:<br>Das Umherstreifen. Gehen ohne bestimmtes Ziel. (Serie&#8220; Fundsachen&#8220;)<\/p>\n\n\n\n<p><\/p>\n","protected":false},"excerpt":{"rendered":"<p>Fast drei Jahrzehnte k\u00fcnstlerische Arbeit lassen sich nicht in wenige S\u00e4tze gie\u00dfen.Es ist eine Reise in vielen Etappen und willkommenen Umwegen. Nicht die Best\u00e4ndigkeit des Materials, sondern die Ver\u00e4nderung, die M\u00f6glichkeit der Aufl\u00f6sung und der \u00dcbergang, interessierten mich.Aus Holz, Metall und Drahtgeflecht gen\u00e4hte Arbeiten wie &#8222;Fossil&#8220;, &#8222;Behausungen&#8220; und &#8222;Fast Nichts&#8220;.Der Weg in die Malerei und &hellip; <\/p>\n<p class=\"link-more\"><a href=\"https:\/\/utekuehn.de\/index.php\/ueber-uns\/\" class=\"more-link\"><span class=\"screen-reader-text\">\u201e\u00dcber meine Arbeit\u201c<\/span> weiterlesen<\/a><\/p>\n","protected":false},"author":1,"featured_media":76,"parent":0,"menu_order":0,"comment_status":"closed","ping_status":"closed","template":"","meta":{"ngg_post_thumbnail":0,"footnotes":""},"class_list":["post-6","page","type-page","status-publish","has-post-thumbnail","hentry"],"yoast_head":"<!-- This site is optimized with the Yoast SEO plugin v16.2 - https:\/\/yoast.com\/wordpress\/plugins\/seo\/ -->\n<title>\u00dcber meine Arbeit - Ute K\u00fchn<\/title>\n<meta name=\"robots\" content=\"index, follow, max-snippet:-1, max-image-preview:large, max-video-preview:-1\" \/>\n<link rel=\"canonical\" href=\"https:\/\/utekuehn.de\/index.php\/ueber-uns\/\" \/>\n<meta property=\"og:locale\" content=\"de_DE\" \/>\n<meta property=\"og:type\" content=\"article\" \/>\n<meta property=\"og:title\" content=\"\u00dcber meine Arbeit - Ute K\u00fchn\" \/>\n<meta property=\"og:description\" content=\"Fast drei Jahrzehnte k\u00fcnstlerische Arbeit lassen sich nicht in wenige S\u00e4tze gie\u00dfen.Es ist eine Reise in vielen Etappen und willkommenen Umwegen. Nicht die Best\u00e4ndigkeit des Materials, sondern die Ver\u00e4nderung, die M\u00f6glichkeit der Aufl\u00f6sung und der \u00dcbergang, interessierten mich.Aus Holz, Metall und Drahtgeflecht gen\u00e4hte Arbeiten wie &#8222;Fossil&#8220;, &#8222;Behausungen&#8220; und &#8222;Fast Nichts&#8220;.Der Weg in die Malerei und &hellip; \u201e\u00dcber meine Arbeit\u201c weiterlesen\" \/>\n<meta property=\"og:url\" content=\"https:\/\/utekuehn.de\/index.php\/ueber-uns\/\" \/>\n<meta property=\"og:site_name\" content=\"Ute K\u00fchn\" \/>\n<meta property=\"article:modified_time\" content=\"2021-05-06T10:24:41+00:00\" \/>\n<meta property=\"og:image\" content=\"https:\/\/utekuehn.de\/wp-content\/uploads\/2021\/03\/Foto-03_Uebersetzen_Faehre-am-Titicacasee.jpg\" \/>\n\t<meta property=\"og:image:width\" content=\"1772\" \/>\n\t<meta property=\"og:image:height\" content=\"1181\" \/>\n<meta name=\"twitter:card\" content=\"summary_large_image\" \/>\n<meta name=\"twitter:label1\" content=\"Gesch\u00e4tzte Lesezeit\">\n\t<meta name=\"twitter:data1\" content=\"2\u00a0Minuten\">\n<script type=\"application\/ld+json\" class=\"yoast-schema-graph\">{\"@context\":\"https:\/\/schema.org\",\"@graph\":[{\"@type\":[\"Person\",\"Organization\"],\"@id\":\"https:\/\/utekuehn.de\/#\/schema\/person\/bd4376e5fd83d9a01a962fec9438cd6c\",\"name\":\"Ute K\\u00fchn\",\"image\":{\"@type\":\"ImageObject\",\"@id\":\"https:\/\/utekuehn.de\/#personlogo\",\"inLanguage\":\"de\",\"url\":\"https:\/\/secure.gravatar.com\/avatar\/8cad2a508162da144aaf9ed8124f79b4f59f3a5c6cd0eb8ca6afa48553029e79?s=96&d=mm&r=g\",\"contentUrl\":\"https:\/\/secure.gravatar.com\/avatar\/8cad2a508162da144aaf9ed8124f79b4f59f3a5c6cd0eb8ca6afa48553029e79?s=96&d=mm&r=g\",\"caption\":\"Ute K\\u00fchn\"},\"logo\":{\"@id\":\"https:\/\/utekuehn.de\/#personlogo\"},\"description\":\"artist\",\"sameAs\":[\"http:\/\/utekuehn.de\"]},{\"@type\":\"WebSite\",\"@id\":\"https:\/\/utekuehn.de\/#website\",\"url\":\"https:\/\/utekuehn.de\/\",\"name\":\"Ute K\\u00fchn\",\"description\":\"Fotografie und Installation\",\"publisher\":{\"@id\":\"https:\/\/utekuehn.de\/#\/schema\/person\/bd4376e5fd83d9a01a962fec9438cd6c\"},\"potentialAction\":[{\"@type\":\"SearchAction\",\"target\":\"https:\/\/utekuehn.de\/?s={search_term_string}\",\"query-input\":\"required name=search_term_string\"}],\"inLanguage\":\"de\"},{\"@type\":\"ImageObject\",\"@id\":\"https:\/\/utekuehn.de\/index.php\/ueber-uns\/#primaryimage\",\"inLanguage\":\"de\",\"url\":\"https:\/\/utekuehn.de\/wp-content\/uploads\/2021\/03\/Foto-03_Uebersetzen_Faehre-am-Titicacasee.jpg\",\"contentUrl\":\"https:\/\/utekuehn.de\/wp-content\/uploads\/2021\/03\/Foto-03_Uebersetzen_Faehre-am-Titicacasee.jpg\",\"width\":1772,\"height\":1181},{\"@type\":\"WebPage\",\"@id\":\"https:\/\/utekuehn.de\/index.php\/ueber-uns\/#webpage\",\"url\":\"https:\/\/utekuehn.de\/index.php\/ueber-uns\/\",\"name\":\"\\u00dcber meine Arbeit - Ute K\\u00fchn\",\"isPartOf\":{\"@id\":\"https:\/\/utekuehn.de\/#website\"},\"primaryImageOfPage\":{\"@id\":\"https:\/\/utekuehn.de\/index.php\/ueber-uns\/#primaryimage\"},\"datePublished\":\"2021-03-13T14:39:59+00:00\",\"dateModified\":\"2021-05-06T10:24:41+00:00\",\"breadcrumb\":{\"@id\":\"https:\/\/utekuehn.de\/index.php\/ueber-uns\/#breadcrumb\"},\"inLanguage\":\"de\",\"potentialAction\":[{\"@type\":\"ReadAction\",\"target\":[\"https:\/\/utekuehn.de\/index.php\/ueber-uns\/\"]}]},{\"@type\":\"BreadcrumbList\",\"@id\":\"https:\/\/utekuehn.de\/index.php\/ueber-uns\/#breadcrumb\",\"itemListElement\":[{\"@type\":\"ListItem\",\"position\":1,\"item\":{\"@type\":\"WebPage\",\"@id\":\"https:\/\/utekuehn.de\/\",\"url\":\"https:\/\/utekuehn.de\/\",\"name\":\"Startseite\"}},{\"@type\":\"ListItem\",\"position\":2,\"item\":{\"@id\":\"https:\/\/utekuehn.de\/index.php\/ueber-uns\/#webpage\"}}]}]}<\/script>\n<!-- \/ Yoast SEO plugin. -->","_links":{"self":[{"href":"https:\/\/utekuehn.de\/index.php\/wp-json\/wp\/v2\/pages\/6","targetHints":{"allow":["GET"]}}],"collection":[{"href":"https:\/\/utekuehn.de\/index.php\/wp-json\/wp\/v2\/pages"}],"about":[{"href":"https:\/\/utekuehn.de\/index.php\/wp-json\/wp\/v2\/types\/page"}],"author":[{"embeddable":true,"href":"https:\/\/utekuehn.de\/index.php\/wp-json\/wp\/v2\/users\/1"}],"replies":[{"embeddable":true,"href":"https:\/\/utekuehn.de\/index.php\/wp-json\/wp\/v2\/comments?post=6"}],"version-history":[{"count":3,"href":"https:\/\/utekuehn.de\/index.php\/wp-json\/wp\/v2\/pages\/6\/revisions"}],"predecessor-version":[{"id":722,"href":"https:\/\/utekuehn.de\/index.php\/wp-json\/wp\/v2\/pages\/6\/revisions\/722"}],"wp:featuredmedia":[{"embeddable":true,"href":"https:\/\/utekuehn.de\/index.php\/wp-json\/wp\/v2\/media\/76"}],"wp:attachment":[{"href":"https:\/\/utekuehn.de\/index.php\/wp-json\/wp\/v2\/media?parent=6"}],"curies":[{"name":"wp","href":"https:\/\/api.w.org\/{rel}","templated":true}]}}