{"id":751,"date":"2021-07-04T16:32:18","date_gmt":"2021-07-04T14:32:18","guid":{"rendered":"https:\/\/utekuehn.de\/?page_id=751"},"modified":"2021-07-04T16:32:19","modified_gmt":"2021-07-04T14:32:19","slug":"datenschutz-2","status":"publish","type":"page","link":"https:\/\/utekuehn.de\/index.php\/datenschutz-2\/","title":{"rendered":"Datenschutz"},"content":{"rendered":"\n<p>1. Haftungsbeschr\u00e4nkung<br>Die Inhalte dieser Webseite werden mit gr\u00f6\u00dftm\u00f6glicher Sorgfalt erstellt. Ich \u00fcbernehme jedoch keine Gew\u00e4hr f\u00fcr die Richtigkeit, Vollst\u00e4ndigkeit und Aktualit\u00e4t der bereitgestellten Inhalte. Die Nutzung der Inhalte der Webseite erfolgt auf eigene Gefahr des Nutzers. Namentlich gekennzeichnete Beitr\u00e4ge geben die Meinung des jeweiligen Autors und nicht immer meine Meinung wieder. Mit der reinen Nutzung meiner Webseite kommt keinerlei Vertragsverh\u00e4ltnis zwischen dem Nutzer und mir, dem Anbieter, zustande.<\/p>\n\n\n\n<p>2. Externe Links<br>Diese Webseite enth\u00e4lt Verkn\u00fcpfungen zu Webseiten Dritter (\u00bbexterne Links\u00ab). Diese Webseiten unterliegen der Haftung der jeweiligen Betreiber. Ich habe bei der erstmaligen Verkn\u00fcpfung der externen Links die fremden Inhalte daraufhin \u00fcberpr\u00fcft, ob etwaige Rechtsverst\u00f6\u00dfe bestehen. Zu dem Zeitpunkt waren keine Rechtsverst\u00f6\u00dfe ersichtlich. Ich habe keinerlei Einfluss auf die aktuelle und zuk\u00fcnftige Gestaltung und auf die Inhalte der verkn\u00fcpften Seiten. Das Setzen von externen Links bedeutet nicht, dass ich mir die hinter dem Verweis oder Link liegenden Inhalte zu Eigen mache. Eine st\u00e4ndige Kontrolle dieser externen Links ist f\u00fcr mich als Anbieter ohne konkrete Hinweise auf Rechtsverst\u00f6\u00dfe nicht zumutbar. Bei Kenntnis von Rechtsverst\u00f6\u00dfen werden jedoch derartige externe Links unverz\u00fcglich gel\u00f6scht.<\/p>\n\n\n\n<p>3. Urheber- und Leistungsschutzrechte<br>Die auf dieser Webseite ver\u00f6ffentlichten Inhalte unterliegen dem deutschen Urheber- und Leistungsschutzrecht. Jede vom deutschen Urheber- und Leistungsschutzrecht nicht zugelassene Verwertung bedarf meiner vorherigen schriftlichen Zustimmung oder der des jeweiligen Rechteinhabers. Dies gilt insbesondere f\u00fcr Vervielf\u00e4ltigung, Bearbeitung, \u00dcbersetzung, Einspeicherung, Verarbeitung bzw. Wiedergabe von Inhalten in Datenbanken oder anderen elektronischen Medien und Systemen. Inhalte und Rechte Dritter sind dabei als solche gekennzeichnet. Die unerlaubte Vervielf\u00e4ltigung oder Weitergabe einzelner Inhalte oder kompletter Seiten ist nicht gestattet und strafbar. Lediglich die Herstellung von Kopien und Downloads f\u00fcr den pers\u00f6nlichen, privaten und nicht kommerziellen Gebrauch ist erlaubt. Die Darstellung dieser Webseite in fremden Zusammenh\u00e4ngen ist nur mit schriftlicher Erlaubnis zul\u00e4ssig.<\/p>\n\n\n\n<p>4. Datenschutz<br>Durch den Besuch meiner Webseite k\u00f6nnen Informationen \u00fcber den Zugriff (Datum, Uhrzeit, betrachtete Seite) gespeichert werden. Diese Daten geh\u00f6ren nicht zu den personenbezogenen Daten, sondern sind anonymisiert. Sie werden ausschlie\u00dflich zu statistischen Zwecken ausgewertet. Eine Weitergabe an Dritte, zu kommerziellen oder nichtkommerziellen Zwecken, findet nicht statt. Ich weise ausdr\u00fccklich darauf hin, dass die Daten\u00fcbertragung im Internet (z.B. bei der Kommunikation per E-Mail) Sicherheitsl\u00fccken aufweisen und nicht l\u00fcckenlos vor dem Zugriff durch Dritte gesch\u00fctzt werden kann. Die Verwendung der Kontaktdaten des Impressums zur gewerblichen Werbung ist ausdr\u00fccklich nicht erw\u00fcnscht, es sei denn der Anbieter hatte zuvor seine schriftliche Einwilligung erteilt oder es besteht bereits eine Gesch\u00e4ftsbeziehung. Der Anbieter und alle auf dieser Webseite genannten Personen widersprechen hiermit jeder kommerziellen Verwendung und Weitergabe ihrer Daten.<\/p>\n\n\n\n<p>5. Besondere Nutzungsbedingungen<br>Soweit besondere Bedingungen f\u00fcr einzelne Nutzungen dieser Webseite von den vorgenannten Nummern 1. bis 4. abweichen, wird an entsprechender Stelle ausdr\u00fccklich darauf hingewiesen. In diesem Falle gelten im jeweiligen Einzelfall die besonderen Nutzungsbedingungen.<\/p>\n","protected":false},"excerpt":{"rendered":"<p>1. Haftungsbeschr\u00e4nkungDie Inhalte dieser Webseite werden mit gr\u00f6\u00dftm\u00f6glicher Sorgfalt erstellt. Ich \u00fcbernehme jedoch keine Gew\u00e4hr f\u00fcr die Richtigkeit, Vollst\u00e4ndigkeit und Aktualit\u00e4t der bereitgestellten Inhalte. Die Nutzung der Inhalte der Webseite erfolgt auf eigene Gefahr des Nutzers. Namentlich gekennzeichnete Beitr\u00e4ge geben die Meinung des jeweiligen Autors und nicht immer meine Meinung wieder. Mit der reinen Nutzung &hellip; <\/p>\n<p class=\"link-more\"><a href=\"https:\/\/utekuehn.de\/index.php\/datenschutz-2\/\" class=\"more-link\"><span class=\"screen-reader-text\">\u201eDatenschutz\u201c<\/span> weiterlesen<\/a><\/p>\n","protected":false},"author":1,"featured_media":0,"parent":0,"menu_order":0,"comment_status":"closed","ping_status":"closed","template":"","meta":{"ngg_post_thumbnail":0,"footnotes":""},"class_list":["post-751","page","type-page","status-publish","hentry"],"yoast_head":"<!-- This site is optimized with the Yoast SEO plugin v16.2 - https:\/\/yoast.com\/wordpress\/plugins\/seo\/ -->\n<title>Datenschutz - Ute K\u00fchn<\/title>\n<meta name=\"robots\" content=\"index, follow, max-snippet:-1, max-image-preview:large, max-video-preview:-1\" \/>\n<link rel=\"canonical\" href=\"https:\/\/utekuehn.de\/index.php\/datenschutz-2\/\" \/>\n<meta property=\"og:locale\" content=\"de_DE\" \/>\n<meta property=\"og:type\" content=\"article\" \/>\n<meta property=\"og:title\" content=\"Datenschutz - Ute K\u00fchn\" \/>\n<meta property=\"og:description\" content=\"1. Haftungsbeschr\u00e4nkungDie Inhalte dieser Webseite werden mit gr\u00f6\u00dftm\u00f6glicher Sorgfalt erstellt. Ich \u00fcbernehme jedoch keine Gew\u00e4hr f\u00fcr die Richtigkeit, Vollst\u00e4ndigkeit und Aktualit\u00e4t der bereitgestellten Inhalte. Die Nutzung der Inhalte der Webseite erfolgt auf eigene Gefahr des Nutzers. Namentlich gekennzeichnete Beitr\u00e4ge geben die Meinung des jeweiligen Autors und nicht immer meine Meinung wieder. Mit der reinen Nutzung &hellip; \u201eDatenschutz\u201c weiterlesen\" \/>\n<meta property=\"og:url\" content=\"https:\/\/utekuehn.de\/index.php\/datenschutz-2\/\" \/>\n<meta property=\"og:site_name\" content=\"Ute K\u00fchn\" \/>\n<meta property=\"article:modified_time\" content=\"2021-07-04T14:32:19+00:00\" \/>\n<meta name=\"twitter:card\" content=\"summary_large_image\" \/>\n<meta name=\"twitter:label1\" content=\"Gesch\u00e4tzte Lesezeit\">\n\t<meta name=\"twitter:data1\" content=\"2\u00a0Minuten\">\n<script type=\"application\/ld+json\" class=\"yoast-schema-graph\">{\"@context\":\"https:\/\/schema.org\",\"@graph\":[{\"@type\":[\"Person\",\"Organization\"],\"@id\":\"https:\/\/utekuehn.de\/#\/schema\/person\/bd4376e5fd83d9a01a962fec9438cd6c\",\"name\":\"Ute K\\u00fchn\",\"image\":{\"@type\":\"ImageObject\",\"@id\":\"https:\/\/utekuehn.de\/#personlogo\",\"inLanguage\":\"de\",\"url\":\"https:\/\/secure.gravatar.com\/avatar\/8cad2a508162da144aaf9ed8124f79b4f59f3a5c6cd0eb8ca6afa48553029e79?s=96&d=mm&r=g\",\"contentUrl\":\"https:\/\/secure.gravatar.com\/avatar\/8cad2a508162da144aaf9ed8124f79b4f59f3a5c6cd0eb8ca6afa48553029e79?s=96&d=mm&r=g\",\"caption\":\"Ute K\\u00fchn\"},\"logo\":{\"@id\":\"https:\/\/utekuehn.de\/#personlogo\"},\"description\":\"artist\",\"sameAs\":[\"http:\/\/utekuehn.de\"]},{\"@type\":\"WebSite\",\"@id\":\"https:\/\/utekuehn.de\/#website\",\"url\":\"https:\/\/utekuehn.de\/\",\"name\":\"Ute K\\u00fchn\",\"description\":\"Fotografie und Installation\",\"publisher\":{\"@id\":\"https:\/\/utekuehn.de\/#\/schema\/person\/bd4376e5fd83d9a01a962fec9438cd6c\"},\"potentialAction\":[{\"@type\":\"SearchAction\",\"target\":\"https:\/\/utekuehn.de\/?s={search_term_string}\",\"query-input\":\"required name=search_term_string\"}],\"inLanguage\":\"de\"},{\"@type\":\"WebPage\",\"@id\":\"https:\/\/utekuehn.de\/index.php\/datenschutz-2\/#webpage\",\"url\":\"https:\/\/utekuehn.de\/index.php\/datenschutz-2\/\",\"name\":\"Datenschutz - Ute K\\u00fchn\",\"isPartOf\":{\"@id\":\"https:\/\/utekuehn.de\/#website\"},\"datePublished\":\"2021-07-04T14:32:18+00:00\",\"dateModified\":\"2021-07-04T14:32:19+00:00\",\"breadcrumb\":{\"@id\":\"https:\/\/utekuehn.de\/index.php\/datenschutz-2\/#breadcrumb\"},\"inLanguage\":\"de\",\"potentialAction\":[{\"@type\":\"ReadAction\",\"target\":[\"https:\/\/utekuehn.de\/index.php\/datenschutz-2\/\"]}]},{\"@type\":\"BreadcrumbList\",\"@id\":\"https:\/\/utekuehn.de\/index.php\/datenschutz-2\/#breadcrumb\",\"itemListElement\":[{\"@type\":\"ListItem\",\"position\":1,\"item\":{\"@type\":\"WebPage\",\"@id\":\"https:\/\/utekuehn.de\/\",\"url\":\"https:\/\/utekuehn.de\/\",\"name\":\"Startseite\"}},{\"@type\":\"ListItem\",\"position\":2,\"item\":{\"@id\":\"https:\/\/utekuehn.de\/index.php\/datenschutz-2\/#webpage\"}}]}]}<\/script>\n<!-- \/ Yoast SEO plugin. -->","_links":{"self":[{"href":"https:\/\/utekuehn.de\/index.php\/wp-json\/wp\/v2\/pages\/751","targetHints":{"allow":["GET"]}}],"collection":[{"href":"https:\/\/utekuehn.de\/index.php\/wp-json\/wp\/v2\/pages"}],"about":[{"href":"https:\/\/utekuehn.de\/index.php\/wp-json\/wp\/v2\/types\/page"}],"author":[{"embeddable":true,"href":"https:\/\/utekuehn.de\/index.php\/wp-json\/wp\/v2\/users\/1"}],"replies":[{"embeddable":true,"href":"https:\/\/utekuehn.de\/index.php\/wp-json\/wp\/v2\/comments?post=751"}],"version-history":[{"count":1,"href":"https:\/\/utekuehn.de\/index.php\/wp-json\/wp\/v2\/pages\/751\/revisions"}],"predecessor-version":[{"id":752,"href":"https:\/\/utekuehn.de\/index.php\/wp-json\/wp\/v2\/pages\/751\/revisions\/752"}],"wp:attachment":[{"href":"https:\/\/utekuehn.de\/index.php\/wp-json\/wp\/v2\/media?parent=751"}],"curies":[{"name":"wp","href":"https:\/\/api.w.org\/{rel}","templated":true}]}}